                                                                                                                                                                                                                                                                                                                                                                                                                                                                                                                                                                                                                                                                                                                                                                                                                                                        {"id":175,"date":"2023-03-03T19:09:24","date_gmt":"2023-03-03T19:09:24","guid":{"rendered":"https:\/\/www.nekaderio.eus\/?page_id=175"},"modified":"2024-03-04T09:41:19","modified_gmt":"2024-03-04T08:41:19","slug":"proyectos-tknika","status":"publish","type":"page","link":"https:\/\/www.nekaderio.eus\/es\/programas\/proyectos-tknika\/","title":{"rendered":"Proyectos Tknika"},"content":{"rendered":"<h5 class=\"py-2\"><b>DIGITALIZACI\u00d3N DEL SECTOR PRIMARIO VASCO<\/b><\/h5>\n<p><strong>RESPONSABLE:<\/strong> Isusko Llodio<\/p>\n<p>El proyecto constituye el n\u00facleo tractor para la introducci\u00f3n en el sector primario de Euskadi de procesos digitalizados que contribuyen a la actualizaci\u00f3n del sector tanto en el \u00e1mbito productivo como en el formativo.<\/p>\n<p>El proyecto propone dar respuesta a la necesidad de digitalizaci\u00f3n de los procesos productivos del sector primario de Euskadi. Se desarrollar\u00e1n procedimientos y herramientas que se adapten a esta necesidad e integrarlos en el sistema de Formaci\u00f3n Profesional para que las y los futuros profesionales del sector primario sean competentes en este \u00e1mbito, implementando estas herramientas digitales como medio para lograr una mayor competitividad.<\/p>\n<p>Para ello, cuenta con la participaci\u00f3n de los cuatro centros de Euskadi que imparten los ciclos formativos de la familia profesional Agraria, junto con el <a href=\"https:\/\/bidasoa.hezkuntza.net\/es\/inicio\">CIFP Bidasoa LHII<\/a> (familia de electricidad y electr\u00f3nica) y el CIFP Ciudad Jard\u00edn LHII (familia inform\u00e1tica y comunicaciones), instituciones y empresas del sector.<\/p>\n<hr \/>\n<h5 class=\"pt-2 pb-4\"><b>COLABORACI\u00d3N CON EL \u00c1REA DE BIOCIENCIAS Y SOSTENIBILIDAD DE TKNIKA EN EL GRUPO DE AGROALIMENTACI\u00d3N, BIOECONOM\u00cdA Y ALIMENTACI\u00d3N SOSTENIBLE<\/b><\/h5>\n<p><strong>RESPONSABLES:<\/strong> Julene Urrutikoetxea y Enaitz Muguerza<\/p>\n<p>El objetivo de esta colaboraci\u00f3n es el desarrollo de proyectos y\/o jornadas de formaci\u00f3n en el \u00e1mbito de la econom\u00eda circular y la innovaci\u00f3n alimentaria.<\/p>\n<p>Se van a desarrollar diferentes l\u00edneas de:<\/p>\n<ul>\n<li>Innovaci\u00f3n en alimentos saludables: elaboraci\u00f3n de salsas y especias varias, alimentos texturizados condimentados naturalmente para residencias, y ni\u00f1o\/as, etc.<\/li>\n<li>Econom\u00eda circular basada en excedentes de comida (frescos y cocinados): reutilizaci\u00f3n de peladuras diversas de fruta y hortalizas para crear geotextiles anti-hierbas para macetas y productos deshidratados para reutilizar en alimentaci\u00f3n (cocina), etc.<\/li>\n<\/ul>\n<p>Esta colaboraci\u00f3n se integra dentro de la Red de Bioeconom\u00eda aplicada a la Formaci\u00f3n Profesional y el <a href=\"https:\/\/tknika.eus\/cont\/proyecto-economia-circular-en-centros-de-formacion-profesional-relacionados-con-la-alimentacion-en-gipuzkoa\/\">\u00c1rea de Biociencias y Sostenibilidad de Tknika<\/a>.<\/p>\n<hr \/>\n<h5 class=\"pt-2 pb-4\"><b>ETIQUETADO INTELIGENTE PARA EL SECTOR AGROALIMENTARIO SOSTENIBLE<\/b><\/h5>\n<p><strong>RESPONSABLES:<\/strong> Julene Urrutikoetxea y Katrin Arzuaga<\/p>\n<p>El objetivo del proyecto es la puesta en valor de modelos agroalimentarios m\u00e1s sostenibles mediante la implementaci\u00f3n en obradores artesanales de una herramienta digital basada en la <a href=\"https:\/\/es.wikipedia.org\/wiki\/Cadena_de_bloques\">tecnolog\u00eda Blockchain<\/a> y la implantaci\u00f3n de sensores varios que facilite la gesti\u00f3n, la trazabilidad y el aseguramiento de las condiciones higi\u00e9nico sanitarias de estas producciones.<\/p>\n","protected":false},"excerpt":{"rendered":"<p>DIGITALIZACI\u00d3N DEL SECTOR PRIMARIO VASCO RESPONSABLE: Isusko Llodio El proyecto constituye el n\u00facleo tractor para la introducci\u00f3n en el sector primario de Euskadi de procesos digitalizados que contribuyen a la actualizaci\u00f3n del sector tanto en el \u00e1mbito productivo como en el formativo. El proyecto propone dar respuesta a la necesidad de digitalizaci\u00f3n de los procesos [&hellip;]<\/p>\n","protected":false},"author":1,"featured_media":0,"parent":168,"menu_order":0,"comment_status":"closed","ping_status":"closed","template":"banner-mas-texto.php","meta":{"footnotes":""},"class_list":["post-175","page","type-page","status-publish","hentry"],"acf":[],"_links":{"self":[{"href":"https:\/\/www.nekaderio.eus\/es\/wp-json\/wp\/v2\/pages\/175","targetHints":{"allow":["GET"]}}],"collection":[{"href":"https:\/\/www.nekaderio.eus\/es\/wp-json\/wp\/v2\/pages"}],"about":[{"href":"https:\/\/www.nekaderio.eus\/es\/wp-json\/wp\/v2\/types\/page"}],"author":[{"embeddable":true,"href":"https:\/\/www.nekaderio.eus\/es\/wp-json\/wp\/v2\/users\/1"}],"replies":[{"embeddable":true,"href":"https:\/\/www.nekaderio.eus\/es\/wp-json\/wp\/v2\/comments?post=175"}],"version-history":[{"count":37,"href":"https:\/\/www.nekaderio.eus\/es\/wp-json\/wp\/v2\/pages\/175\/revisions"}],"predecessor-version":[{"id":1844,"href":"https:\/\/www.nekaderio.eus\/es\/wp-json\/wp\/v2\/pages\/175\/revisions\/1844"}],"up":[{"embeddable":true,"href":"https:\/\/www.nekaderio.eus\/es\/wp-json\/wp\/v2\/pages\/168"}],"wp:attachment":[{"href":"https:\/\/www.nekaderio.eus\/es\/wp-json\/wp\/v2\/media?parent=175"}],"curies":[{"name":"wp","href":"https:\/\/api.w.org\/{rel}","templated":true}]}}