                                                                                                                                                                                                                                                                                                                                                                                                                                                                                                                                                                                                                                                                                                                                                                                                                                                        {"id":173,"date":"2023-03-03T19:08:57","date_gmt":"2023-03-03T19:08:57","guid":{"rendered":"https:\/\/www.nekaderio.eus\/?page_id=173"},"modified":"2023-09-22T08:33:43","modified_gmt":"2023-09-22T06:33:43","slug":"urratsbat","status":"publish","type":"page","link":"https:\/\/www.nekaderio.eus\/es\/programas\/urratsbat\/","title":{"rendered":"Urratsbat"},"content":{"rendered":"<p><img loading=\"lazy\" decoding=\"async\" class=\"me-5 mb-2 alignleft wp-image-590 \" src=\"https:\/\/www.nekaderio.eus\/wp-content\/uploads\/2023\/03\/urratsbat.jpg\" alt=\"\" width=\"240\" height=\"238\" srcset=\"https:\/\/www.nekaderio.eus\/wp-content\/uploads\/2023\/03\/urratsbat.jpg 252w, https:\/\/www.nekaderio.eus\/wp-content\/uploads\/2023\/03\/urratsbat-150x150.jpg 150w\" sizes=\"auto, (max-width: 240px) 100vw, 240px\" \/>Urratsbat es un programa de acompa\u00f1amiento en la creaci\u00f3n de empresas dirigido al alumnado de segundo curso de los Centros de Formaci\u00f3n Profesional de grado medio y superior, a ex-alumnos\/as del Centro y a cualquier persona que tenga relaci\u00f3n con el Centro a trav\u00e9s de cursos de Formaci\u00f3n no reglada o Formaci\u00f3n no presencial.<\/p>\n<p>Urratsbat proporciona a la persona emprendedora un servicio de asesoramiento integral en el proceso de puesta en marcha de su empresa, la posibilidad de utilizar una oficina debidamente equipada en el Centro de Ense\u00f1anza para los primeros meses de funcionamiento de la empresa y si el proyecto as\u00ed lo requiere, la posibilidad de usar otras instalaciones, como talleres del centro para realizar los prototipos del producto en fase de estudio.<\/p>\n<p>Responsable: <strong>ANDER GORROTXATEGI ZURIMENDI<\/strong>&#8211; agorrotxategi@nekaderio.eus y\/o urratsbat@nekaderio.eus<\/p>\n<p>Puedes consultar <a href=\"https:\/\/tknika.eus\/cont\/proyectos\/programa-urratsbat-de-acompanamiento-para-la-creacion-de-empresas\/#\">m\u00e1s informaci\u00f3n en la web de Tknika<\/a>.<\/p>\n<p>&nbsp;<\/p>\n<p><strong>Empresas creadas en nuestro centro:<\/strong><\/p>\n<hr \/>\n<table style=\"border-collapse: collapse; width: 100%;\" border=\"0\">\n<tbody>\n<tr>\n<td style=\"width: 29.3353%;\">\n<h1><img loading=\"lazy\" decoding=\"async\" class=\"alignnone size-full wp-image-608\" src=\"https:\/\/www.nekaderio.eus\/wp-content\/uploads\/2023\/03\/LOGOA.jpg\" alt=\"\" width=\"150\" height=\"150\" \/><\/h1>\n<\/td>\n<td style=\"width: 70.6647%;\">\n<p>Lurpe Natural Solutions nace con el objetivo de orientar a sus clientes a generar un medio de cultivo vivo y sano. Hemos creado unas recetas espec\u00edficas con los mejores ingredientes, para garantizar una nutrici\u00f3n natural en todas las fases del desarrollo de las plantas.<\/p>\n<p><span class=\"text-muted\"><strong>Contacto<\/strong>: C\/ Aldapa, 18-6IZ 48901 Barakaldo (Bizkaia) \/ 628097904\u00a0 | info@lurpenaturalsolutions.com <\/span><\/td>\n<\/tr>\n<tr>\n<td style=\"width: 29.3353%;\"><img loading=\"lazy\" decoding=\"async\" class=\"alignnone size-medium wp-image-606\" src=\"https:\/\/www.nekaderio.eus\/wp-content\/uploads\/2023\/03\/jargreenok-300x70.png\" alt=\"\" width=\"300\" height=\"70\" srcset=\"https:\/\/www.nekaderio.eus\/wp-content\/uploads\/2023\/03\/jargreenok-300x70.png 300w, https:\/\/www.nekaderio.eus\/wp-content\/uploads\/2023\/03\/jargreenok.png 359w\" sizes=\"auto, (max-width: 300px) 100vw, 300px\" \/><\/td>\n<td style=\"width: 70.6647%;\">\n<p>Somos serios y prestamos un servicio de calidad a nuestros clientes. Tenemos mucho talento y estamos formados en el gremio, adem\u00e1s de contar con experiencia a nuestras espaldas. Nos preocupamos de cada detalle de todo el proceso de nuestro trabajo. Desde la elecci\u00f3n de nuestros proveedores y los productos que usamos, hasta la gesti\u00f3n de residuos. Poniendo mucha atenci\u00f3n en la sostenibilidad y responsabilidad con el medio ambiente.<\/p>\n<p><span class=\"text-muted\"><strong>Contacto<\/strong>: C\/ Errota 8 48810 Alonsotegi (Bizkaia) \/ 633269050\u00a0 | <a href=\"https:\/\/www.jargreen.com\" target=\"_blank\" rel=\"noopener\">https:\/\/www.jargreen.com<\/a> \/ info@jargreen.com <\/span><\/td>\n<\/tr>\n<tr>\n<td style=\"width: 29.3353%;\"><img loading=\"lazy\" decoding=\"async\" class=\"alignnone size-full wp-image-610\" src=\"https:\/\/www.nekaderio.eus\/wp-content\/uploads\/2023\/03\/LOGO-BERRIA.png\" alt=\"\" width=\"255\" height=\"180\" \/><\/td>\n<td style=\"width: 70.6647%;\">\n<p>Explotacion agr\u00edcola de reciente creaci\u00f3n, situada en Bizkaia, dedicada a la producci\u00f3n natural de hortalizas, mediante el abonado y tratamientos naturales, 100% libres de productos qu\u00edmicos de s\u00edntesis.<\/p>\n<p><span class=\"text-muted\"><strong>Contacto<\/strong>: C\/ Barrio Iratzagorria s\/n 48192 Gordexola (Bizkaia) \/ 615708522 | gnet13@gmail.com <\/span><\/td>\n<\/tr>\n<\/tbody>\n<\/table>\n<p style=\"text-align: center;\">\n","protected":false},"excerpt":{"rendered":"<p>Urratsbat es un programa de acompa\u00f1amiento en la creaci\u00f3n de empresas dirigido al alumnado de segundo curso de los Centros de Formaci\u00f3n Profesional de grado medio y superior, a ex-alumnos\/as del Centro y a cualquier persona que tenga relaci\u00f3n con el Centro a trav\u00e9s de cursos de Formaci\u00f3n no reglada o Formaci\u00f3n no presencial. Urratsbat [&hellip;]<\/p>\n","protected":false},"author":1,"featured_media":0,"parent":168,"menu_order":0,"comment_status":"closed","ping_status":"closed","template":"banner-mas-texto.php","meta":{"footnotes":""},"class_list":["post-173","page","type-page","status-publish","hentry"],"acf":[],"_links":{"self":[{"href":"https:\/\/www.nekaderio.eus\/es\/wp-json\/wp\/v2\/pages\/173","targetHints":{"allow":["GET"]}}],"collection":[{"href":"https:\/\/www.nekaderio.eus\/es\/wp-json\/wp\/v2\/pages"}],"about":[{"href":"https:\/\/www.nekaderio.eus\/es\/wp-json\/wp\/v2\/types\/page"}],"author":[{"embeddable":true,"href":"https:\/\/www.nekaderio.eus\/es\/wp-json\/wp\/v2\/users\/1"}],"replies":[{"embeddable":true,"href":"https:\/\/www.nekaderio.eus\/es\/wp-json\/wp\/v2\/comments?post=173"}],"version-history":[{"count":20,"href":"https:\/\/www.nekaderio.eus\/es\/wp-json\/wp\/v2\/pages\/173\/revisions"}],"predecessor-version":[{"id":1638,"href":"https:\/\/www.nekaderio.eus\/es\/wp-json\/wp\/v2\/pages\/173\/revisions\/1638"}],"up":[{"embeddable":true,"href":"https:\/\/www.nekaderio.eus\/es\/wp-json\/wp\/v2\/pages\/168"}],"wp:attachment":[{"href":"https:\/\/www.nekaderio.eus\/es\/wp-json\/wp\/v2\/media?parent=173"}],"curies":[{"name":"wp","href":"https:\/\/api.w.org\/{rel}","templated":true}]}}